{"id":8,"date":"2017-08-14T10:55:43","date_gmt":"2017-08-14T10:55:43","guid":{"rendered":"http:\/\/forsterplan.de\/?page_id=8"},"modified":"2022-07-13T14:51:17","modified_gmt":"2022-07-13T12:51:17","slug":"ueber-uns","status":"publish","type":"page","link":"https:\/\/forsterplan.de\/?page_id=8","title":{"rendered":"\u00dcber uns"},"content":{"rendered":"<p>Wir, die FORSTERPLAN Planungsgesellschaft f\u00fcr Versorgungstechnik mbH, sind ein mittelst\u00e4ndiges Unternehmen, das in der Technischen Geb\u00e4ude Ausr\u00fcstung t\u00e4tig ist.<\/p>\n<p>Ihr Bauprojekt ist bei uns in erfahrenen H\u00e4nden. Wir besch\u00e4ftigen zur Zeit einen Ingenieur, einen Techniker und eine Sekret\u00e4rin. Wir sind aber je nach Projektgr\u00f6\u00dfe ausbaubar und stehts auf der Suche nach Fachleuten die gern unser Unternehmen mit ihren individuellen Kompetenzen bereichern wollen.\u00a0 Initiativbewerbungen k\u00f6nnen gern per Mail an uns gerichtet werden.<\/p>\n<p>Was unser Team bereits in \u00fcber 40 Jahren erfolgreich auf dem Gebiet der Fachplanung\/ Fachbauleitung Heizung, L\u00fcftung, Sanit\u00e4r bearbeitet und durchgef\u00fchrt hat, finden Sie detailieret auf unserer <a href=\"https:\/\/forsterplan.de\/?page_id=9\">Referenzseite<\/a>.<\/p>\n<h2 class=\"centered\"><span>Unser Team<\/span><\/h2>\n<div class=\"su-row\"><div class=\"su-column su-column-size-1-2\"><div class=\"su-column-inner su-u-clearfix su-u-trim\">\n<p><img loading=\"lazy\" decoding=\"async\" class=\"alignnone size-full wp-image-633\" src=\"https:\/\/forsterplan.de\/wp-content\/uploads\/2018\/05\/PFO001.jpg\" alt=\"\" width=\"378\" height=\"254\" srcset=\"https:\/\/forsterplan.de\/wp-content\/uploads\/2018\/05\/PFO001.jpg 378w, https:\/\/forsterplan.de\/wp-content\/uploads\/2018\/05\/PFO001-300x202.jpg 300w\" sizes=\"auto, (max-width: 378px) 100vw, 378px\" \/><\/p>\n<p><strong>Philipp Forster<br \/>\n<\/strong><em>Gesch\u00e4ftsf\u00fchrer |<br \/>\nDiplom-Ingenieur f\u00fcr<br \/>\n<\/em><em>Geb\u00e4ude- und Energietechnik<\/em><\/p>\n<p><a href=\"mailto:info@forsterplan.de\">pfo@forsterplan.de<\/a><br \/>\n+49 30 344 10 88<\/p>\n<p><a href=\"https:\/\/www.xing.com\/profile\/Philipp_Forster3\" target=\"_blank\" rel=\"noopener noreferrer\">xing<\/a><\/p>\n<\/div><\/div>\n<div class=\"su-column su-column-size-1-2\"><div class=\"su-column-inner su-u-clearfix su-u-trim\">\n<p><img loading=\"lazy\" decoding=\"async\" class=\"alignnone size-full wp-image-635\" src=\"https:\/\/forsterplan.de\/wp-content\/uploads\/2018\/05\/Scheren001.jpg\" alt=\"\" width=\"378\" height=\"254\" srcset=\"https:\/\/forsterplan.de\/wp-content\/uploads\/2018\/05\/Scheren001.jpg 378w, https:\/\/forsterplan.de\/wp-content\/uploads\/2018\/05\/Scheren001-300x202.jpg 300w\" sizes=\"auto, (max-width: 378px) 100vw, 378px\" \/><\/p>\n<p><strong>Karl Ernst Forster<br \/>\n<\/strong><em>Repr\u00e4sentant |<br \/>\nDiplom-Ingenieur f\u00fcr<br \/>\nVersorgungstechnik<\/em><\/p>\n<p><a href=\"mailto:k-e@forsterplan.de\">k-e@forsterplan.de<\/a><br \/>\n+49 30 344 10 88<\/p>\n<\/div><\/div>\n<\/div>\n<h2 class=\"centered\"><span>Unsere Firmengeschichte<\/span><\/h2>\n<p>Gegr\u00fcndet wurde die Firma 1981 von Dipl. Ing. Karl-Ernst Forster und seiner Frau Katrin Forster, Dipl. Kauffrau. Damals hatten wir unseren Sitz im Stiefring und vergr\u00f6\u00dferten uns 1994 mit einem Umzug auf die gegen\u00fcber liegende Stra\u00dfenseite.<br \/>\n2003 zog der Firmensitz ins beschauliche Friedenau, n\u00e4her an die Heimat unseres Firmengr\u00fcnders. Mit Blick auf einen wundersch\u00f6nen Altberliner Hinterhof arbeiten wir hier in famili\u00e4rer Atmosph\u00e4re in einem Gro\u00dfraum- und zwei weiteren B\u00fcror\u00e4umen.<br \/>\n2007 steigt Philipp Forster, Sohn des Firmengr\u00fcnders, als Dipl. Ing. (FH) f\u00fcr Geb\u00e4ude- und Energietechnik in die Firma ein. Neben seinen Aufgaben als Ingenieur k\u00fcmmert er sich um die technischen Belange der Firma.<br \/>\nZehn Jahre lang betreut er erfolgreich zahlreiche Projekte, modernisiert die betriebsinternen Prozesse und \u00fcbernimmt 2017 die Firma aus den H\u00e4nden seines Vaters.<\/p>\n","protected":false},"excerpt":{"rendered":"<p>Wir, die FORSTERPLAN Planungsgesellschaft f\u00fcr Versorgungstechnik mbH, sind ein mittelst\u00e4ndiges Unternehmen, das in der Technischen Geb\u00e4ude Ausr\u00fcstung t\u00e4tig ist. Ihr Bauprojekt ist bei uns in erfahrenen H\u00e4nden. Wir besch\u00e4ftigen zur Zeit einen Ingenieur, einen Techniker und eine Sekret\u00e4rin. Wir sind aber je nach Projektgr\u00f6\u00dfe ausbaubar und &hellip; <\/p>\n<p><a href=\"https:\/\/forsterplan.de\/?page_id=8\" class=\"more-link\"><span class=\"morelink-icon\">Weiterlesen<\/span><\/a><\/p>\n","protected":false},"author":1,"featured_media":663,"parent":0,"menu_order":0,"comment_status":"closed","ping_status":"closed","template":"","meta":{"footnotes":""},"class_list":["post-8","page","type-page","status-publish","has-post-thumbnail","hentry"],"_links":{"self":[{"href":"https:\/\/forsterplan.de\/index.php?rest_route=\/wp\/v2\/pages\/8","targetHints":{"allow":["GET"]}}],"collection":[{"href":"https:\/\/forsterplan.de\/index.php?rest_route=\/wp\/v2\/pages"}],"about":[{"href":"https:\/\/forsterplan.de\/index.php?rest_route=\/wp\/v2\/types\/page"}],"author":[{"embeddable":true,"href":"https:\/\/forsterplan.de\/index.php?rest_route=\/wp\/v2\/users\/1"}],"replies":[{"embeddable":true,"href":"https:\/\/forsterplan.de\/index.php?rest_route=%2Fwp%2Fv2%2Fcomments&post=8"}],"version-history":[{"count":31,"href":"https:\/\/forsterplan.de\/index.php?rest_route=\/wp\/v2\/pages\/8\/revisions"}],"predecessor-version":[{"id":728,"href":"https:\/\/forsterplan.de\/index.php?rest_route=\/wp\/v2\/pages\/8\/revisions\/728"}],"wp:featuredmedia":[{"embeddable":true,"href":"https:\/\/forsterplan.de\/index.php?rest_route=\/wp\/v2\/media\/663"}],"wp:attachment":[{"href":"https:\/\/forsterplan.de\/index.php?rest_route=%2Fwp%2Fv2%2Fmedia&parent=8"}],"curies":[{"name":"wp","href":"https:\/\/api.w.org\/{rel}","templated":true}]}}