{"id":68,"date":"2017-08-14T13:58:09","date_gmt":"2017-08-14T13:58:09","guid":{"rendered":"http:\/\/forsterplan.de\/?page_id=68"},"modified":"2022-10-20T17:01:24","modified_gmt":"2022-10-20T15:01:24","slug":"startseite","status":"publish","type":"page","link":"https:\/\/forsterplan.de\/","title":{"rendered":"Startseite"},"content":{"rendered":"<div class=\"su-row\">\n<div class=\"su-column su-column-size-1-1\"><div class=\"su-column-inner su-u-clearfix su-u-trim\">\n<p>Wir, die\u00a0<strong>FORSTERPLAN<\/strong> Planungsgesellschaft f\u00fcr Versorgungstechnik mbH, sind ein mittelst\u00e4ndiges Unternehmen, das in der technischen Geb\u00e4ude-Ausr\u00fcstung t\u00e4tig ist. Ihr Bauprojekt ist bei uns in erfahrenen H\u00e4nden. Zu unseren langj\u00e4hrigen Kunden geh\u00f6ren:<\/p>\n<p>FREIE UNIVERSIT\u00c4T BERLIN \/ MESSE BERLIN \/ BERLINER STADT REINIGUNG \/ STUDENTENWERK BERLIN \/<br \/>\nBERLINER STADTMISSION \/ BEZIRKSAMT CHARLOTTENBURG-WILMERSDORF \/ BEZIRKSAMT PANKOW \/<br \/>\nMEDIAN Kliniken \/ BMW AG \/ AKELIUS BERLIN GMBH<\/p>\n<p>Was unser Team in \u00fcber 40 Jahren erfolgreich auf dem Gebiet der Fachplanung und Fachbauleitung der Gewerke Heizung, L\u00fcftung,<br \/>\nSanit\u00e4r, technische Gase und Elektroinstallationen bearbeitet und durchgef\u00fchrt hat, finden Sie detailliert auf unserer <a href=\"https:\/\/forsterplan.de\/?page_id=9\">Referenzseite<\/a>.<\/div><\/div>\n<\/div>\n<h2 class=\"centered\"><span>Unser Leistungsangebot<\/span><\/h2>\n<div class=\"su-row\">\n<div class=\"su-column su-column-size-1-2\"><div class=\"su-column-inner su-u-clearfix su-u-trim\">Seit 1981 haben wir unser Leistungsangebot mit hohem Anspruch an uns selbst weiterentwickelt. Unser umfangreiches und in sich geschlossenes Leistungsprofil erm\u00f6glicht eine reibungslose Planung und Abwicklung, in jeder einzelnen Projektphase, im Sinne des ganzheitlichen Projekterfolges. In unserem Planungsmanagement vereinen wir strategisches Denken und Handeln durch kreative, kompetente und konzeptstarke Gesamtl\u00f6sungsans\u00e4tze f\u00fcr Ihre individuelle Bauplanung f\u00fcr:<\/p>\n<\/div><\/div>\n<div class=\"su-column su-column-size-1-2\"><div class=\"su-column-inner su-u-clearfix su-u-trim\"> Klinikbau \/ Kurmittel- und Bettenh\u00e4user \/ Schwimmbad- und Labortechnik \/ Hydrotherapietechnik \/ Moor-, Sole- und Meerwasseraufbereitung \/ Hotels \/ Gewerbebauten \/ Umbau von B\u00fcroetagen \/ Kassenhallen \/ Produktionsanlagen \/ Au\u00dfenanlagen und Erschlie\u00dfungen \/ Sprinkler- und Entrauchungsanlagen \/ Solaranlagen \/ Klima- und K\u00e4lteanlagen \/ Wohnungsbau \/ Altbausanierung \/ alters- und behindertengerechte Wohnungen<br \/>\nAll dass auch im\u00a0<strong>laufenden Betrieb<\/strong><\/div><\/div>\n<\/div>\n<h2 class=\"centered\"><span>Unser Firmensitz<\/span><\/h2>\n<div class=\"contact-info\">\n<div id='Startseite' class='widgets_on_page wop_tiny1  wop_small1  wop_medium1  wop_large1  wop_wide1'>\n\t\t\t<ul><li id=\"dorayaki_contactbox-6\" class=\"widget widget_dorayaki_contactbox\">\n\t\t\t<div class=\"contact-box clearfix\">\n\t\t\t\t<div class=\"cb-map\">\n\t\t\t\t\t\t\t\t\t<\/div><!-- end .cb-map -->\n\t\t\t\t<div class=\"cb-info clearfix\">\n\t\t\t\t\t<div class=\"cb-address-wrap\">\n\t\t\t\t\t\t<div class=\"cb-address\"><p>FORSTERPLAN<br \/> Planungsgesellschaft f\u00fcr Versorgungstechnik mbH<\/p>\n<\/div>\n\t\t\t\t\t\t<div class=\"cb-additional\">Handjerystr. 85<br>\r\n12159 Berlin<\/div>\t\t\t\t\t\t\t\t\t\t\t<\/div><!-- end .cb-address-wrap -->\n\t\t\t\t\t<div class=\"cb-emails\">\n\t\t\t\t\t\t<h5>Email an uns<\/h5>\n\t\t\t\t\t\t<h6><\/h6>\n\t\t\t\t\t\t<span>info@forsterplan.de<\/span>\n\t\t\t\t\t\t\t\t\t\t\t\t<h6><br><br><br>Tel.<\/h6><span>+49 30 344 10 88<\/span>\t\t\t\t\t<\/div><!-- end .cb-emails -->\n\t\t\t\t<\/div><!-- end .cb-info -->\n\t\t\t<\/div><!-- end .contact-box -->\n\n\t   <\/li><\/ul><\/div><!-- widgets_on_page -->\n<\/div>\n","protected":false},"excerpt":{"rendered":"","protected":false},"author":1,"featured_media":662,"parent":0,"menu_order":0,"comment_status":"closed","ping_status":"closed","template":"","meta":{"footnotes":""},"class_list":["post-68","page","type-page","status-publish","has-post-thumbnail","hentry"],"_links":{"self":[{"href":"https:\/\/forsterplan.de\/index.php?rest_route=\/wp\/v2\/pages\/68","targetHints":{"allow":["GET"]}}],"collection":[{"href":"https:\/\/forsterplan.de\/index.php?rest_route=\/wp\/v2\/pages"}],"about":[{"href":"https:\/\/forsterplan.de\/index.php?rest_route=\/wp\/v2\/types\/page"}],"author":[{"embeddable":true,"href":"https:\/\/forsterplan.de\/index.php?rest_route=\/wp\/v2\/users\/1"}],"replies":[{"embeddable":true,"href":"https:\/\/forsterplan.de\/index.php?rest_route=%2Fwp%2Fv2%2Fcomments&post=68"}],"version-history":[{"count":22,"href":"https:\/\/forsterplan.de\/index.php?rest_route=\/wp\/v2\/pages\/68\/revisions"}],"predecessor-version":[{"id":736,"href":"https:\/\/forsterplan.de\/index.php?rest_route=\/wp\/v2\/pages\/68\/revisions\/736"}],"wp:featuredmedia":[{"embeddable":true,"href":"https:\/\/forsterplan.de\/index.php?rest_route=\/wp\/v2\/media\/662"}],"wp:attachment":[{"href":"https:\/\/forsterplan.de\/index.php?rest_route=%2Fwp%2Fv2%2Fmedia&parent=68"}],"curies":[{"name":"wp","href":"https:\/\/api.w.org\/{rel}","templated":true}]}}